{"id":2092,"date":"2023-07-11T13:31:56","date_gmt":"2023-07-11T13:31:56","guid":{"rendered":"https:\/\/thermoware.com\/exemplo-pagina\/"},"modified":"2025-06-18T09:44:43","modified_gmt":"2025-06-18T09:44:43","slug":"exemplo-pagina","status":"publish","type":"page","link":"https:\/\/thermoware.com\/pt-br\/exemplo-pagina\/","title":{"rendered":"Exemplo p\u00e1gina"},"content":{"rendered":"\n<p>Trata-se de uma p\u00e1gina de refer\u00eancia. \u00c9 diferente de um artigo de blog, pois fica em um s\u00f3 lugar e aparece na navega\u00e7\u00e3o do seu site (na maioria dos temas). A maioria das pessoas come\u00e7a com uma p\u00e1gina Sobre n\u00f3s, que \u00e9 o ponto de partida para potenciais usu\u00e1rios do site. Poderia ser algo do tipo:<\/p>\n\n<blockquote class=\"wp-block-quote is-layout-flow wp-block-quote-is-layout-flow\"><p>Ol\u00e1! No dia a dia, sou entregador de bicicleta e, \u00e0 noite, ator iniciante. Este \u00e9 o meu site.. Moro em Los Angeles, tenho um cachorrinho fofo chamado Jack, e adoro pi\u00f1as coladas. (E ser surpreendido pela chuva).<\/p><\/blockquote>\n\n<p>&#8230;ou algo do tipo:<\/p>\n\n<blockquote class=\"wp-block-quote is-layout-flow wp-block-quote-is-layout-flow\"><p>A XYZ Doohickey Company foi fundada em 1971 e, desde ent\u00e3o, tem produzido objetos de qualidade para o p\u00fablico. Situada em Gotham City, a XYZ tem mais de dois mil funcion\u00e1rios e faz coisas fant\u00e1sticas para a comunidade de Gotham.<\/p><\/blockquote>\n\n<p>Como novo usu\u00e1rio do WordPress, voc\u00ea pode acessar <a href=\"https:\/\/thermoware.com\/wp-admin\/\">o painel de controle<\/a> para remover essa p\u00e1gina e adicionar novas p\u00e1ginas para seu conte\u00fado. Divirta-se!<\/p>\n","protected":false},"excerpt":{"rendered":"<p>Trata-se de uma p\u00e1gina de refer\u00eancia. \u00c9 diferente de um artigo de blog, pois fica em um s\u00f3 lugar e aparece na navega\u00e7\u00e3o do seu site (na maioria dos temas). A maioria das pessoas come\u00e7a com uma p\u00e1gina Sobre n\u00f3s, que \u00e9 o ponto de partida para potenciais usu\u00e1rios do site. Poderia ser algo do [&hellip;]<\/p>\n","protected":false},"author":1,"featured_media":0,"parent":0,"menu_order":0,"comment_status":"closed","ping_status":"open","template":"","meta":{"inline_featured_image":false,"footnotes":""},"class_list":["post-2092","page","type-page","status-publish","hentry"],"yoast_head":"<!-- This site is optimized with the Yoast SEO plugin v25.3.1 - https:\/\/yoast.com\/wordpress\/plugins\/seo\/ -->\n<title>Exemplo p\u00e1gina - Thermoware<\/title>\n<meta name=\"robots\" content=\"index, follow, max-snippet:-1, max-image-preview:large, max-video-preview:-1\" \/>\n<link rel=\"canonical\" href=\"https:\/\/thermoware.com\/pt-br\/exemplo-pagina\/\" \/>\n<meta property=\"og:locale\" content=\"pt_BR\" \/>\n<meta property=\"og:type\" content=\"article\" \/>\n<meta property=\"og:title\" content=\"Exemplo p\u00e1gina - Thermoware\" \/>\n<meta property=\"og:description\" content=\"Trata-se de uma p\u00e1gina de refer\u00eancia. \u00c9 diferente de um artigo de blog, pois fica em um s\u00f3 lugar e aparece na navega\u00e7\u00e3o do seu site (na maioria dos temas). A maioria das pessoas come\u00e7a com uma p\u00e1gina Sobre n\u00f3s, que \u00e9 o ponto de partida para potenciais usu\u00e1rios do site. Poderia ser algo do [&hellip;]\" \/>\n<meta property=\"og:url\" content=\"https:\/\/thermoware.com\/pt-br\/exemplo-pagina\/\" \/>\n<meta property=\"og:site_name\" content=\"Thermoware\" \/>\n<meta property=\"article:modified_time\" content=\"2025-06-18T09:44:43+00:00\" \/>\n<meta name=\"twitter:card\" content=\"summary_large_image\" \/>\n<meta name=\"twitter:label1\" content=\"Est. tempo de leitura\" \/>\n\t<meta name=\"twitter:data1\" content=\"1 minuto\" \/>\n<script type=\"application\/ld+json\" class=\"yoast-schema-graph\">{\"@context\":\"https:\/\/schema.org\",\"@graph\":[{\"@type\":\"WebPage\",\"@id\":\"https:\/\/thermoware.com\/pt-br\/exemplo-pagina\/\",\"url\":\"https:\/\/thermoware.com\/pt-br\/exemplo-pagina\/\",\"name\":\"Exemplo p\u00e1gina - Thermoware\",\"isPartOf\":{\"@id\":\"https:\/\/thermoware.com\/pt-br\/#website\"},\"datePublished\":\"2023-07-11T13:31:56+00:00\",\"dateModified\":\"2025-06-18T09:44:43+00:00\",\"breadcrumb\":{\"@id\":\"https:\/\/thermoware.com\/pt-br\/exemplo-pagina\/#breadcrumb\"},\"inLanguage\":\"pt-BR\",\"potentialAction\":[{\"@type\":\"ReadAction\",\"target\":[\"https:\/\/thermoware.com\/pt-br\/exemplo-pagina\/\"]}]},{\"@type\":\"BreadcrumbList\",\"@id\":\"https:\/\/thermoware.com\/pt-br\/exemplo-pagina\/#breadcrumb\",\"itemListElement\":[{\"@type\":\"ListItem\",\"position\":1,\"name\":\"Home\",\"item\":\"https:\/\/thermoware.com\/pt-br\/inicio\/\"},{\"@type\":\"ListItem\",\"position\":2,\"name\":\"Exemplo p\u00e1gina\"}]},{\"@type\":\"WebSite\",\"@id\":\"https:\/\/thermoware.com\/pt-br\/#website\",\"url\":\"https:\/\/thermoware.com\/pt-br\/\",\"name\":\"Thermoware\",\"description\":\"\",\"publisher\":{\"@id\":\"https:\/\/thermoware.com\/pt-br\/#organization\"},\"potentialAction\":[{\"@type\":\"SearchAction\",\"target\":{\"@type\":\"EntryPoint\",\"urlTemplate\":\"https:\/\/thermoware.com\/pt-br\/?s={search_term_string}\"},\"query-input\":{\"@type\":\"PropertyValueSpecification\",\"valueRequired\":true,\"valueName\":\"search_term_string\"}}],\"inLanguage\":\"pt-BR\"},{\"@type\":\"Organization\",\"@id\":\"https:\/\/thermoware.com\/pt-br\/#organization\",\"name\":\"Thermoware\",\"url\":\"https:\/\/thermoware.com\/pt-br\/\",\"logo\":{\"@type\":\"ImageObject\",\"inLanguage\":\"pt-BR\",\"@id\":\"https:\/\/thermoware.com\/pt-br\/#\/schema\/logo\/image\/\",\"url\":\"https:\/\/thermoware.com\/wp-content\/uploads\/2023\/07\/download-1-logo-wit.png\",\"contentUrl\":\"https:\/\/thermoware.com\/wp-content\/uploads\/2023\/07\/download-1-logo-wit.png\",\"width\":483,\"height\":71,\"caption\":\"Thermoware\"},\"image\":{\"@id\":\"https:\/\/thermoware.com\/pt-br\/#\/schema\/logo\/image\/\"}}]}<\/script>\n<!-- \/ Yoast SEO plugin. -->","yoast_head_json":{"title":"Exemplo p\u00e1gina - Thermoware","robots":{"index":"index","follow":"follow","max-snippet":"max-snippet:-1","max-image-preview":"max-image-preview:large","max-video-preview":"max-video-preview:-1"},"canonical":"https:\/\/thermoware.com\/pt-br\/exemplo-pagina\/","og_locale":"pt_BR","og_type":"article","og_title":"Exemplo p\u00e1gina - Thermoware","og_description":"Trata-se de uma p\u00e1gina de refer\u00eancia. \u00c9 diferente de um artigo de blog, pois fica em um s\u00f3 lugar e aparece na navega\u00e7\u00e3o do seu site (na maioria dos temas). A maioria das pessoas come\u00e7a com uma p\u00e1gina Sobre n\u00f3s, que \u00e9 o ponto de partida para potenciais usu\u00e1rios do site. Poderia ser algo do [&hellip;]","og_url":"https:\/\/thermoware.com\/pt-br\/exemplo-pagina\/","og_site_name":"Thermoware","article_modified_time":"2025-06-18T09:44:43+00:00","twitter_card":"summary_large_image","twitter_misc":{"Est. tempo de leitura":"1 minuto"},"schema":{"@context":"https:\/\/schema.org","@graph":[{"@type":"WebPage","@id":"https:\/\/thermoware.com\/pt-br\/exemplo-pagina\/","url":"https:\/\/thermoware.com\/pt-br\/exemplo-pagina\/","name":"Exemplo p\u00e1gina - Thermoware","isPartOf":{"@id":"https:\/\/thermoware.com\/pt-br\/#website"},"datePublished":"2023-07-11T13:31:56+00:00","dateModified":"2025-06-18T09:44:43+00:00","breadcrumb":{"@id":"https:\/\/thermoware.com\/pt-br\/exemplo-pagina\/#breadcrumb"},"inLanguage":"pt-BR","potentialAction":[{"@type":"ReadAction","target":["https:\/\/thermoware.com\/pt-br\/exemplo-pagina\/"]}]},{"@type":"BreadcrumbList","@id":"https:\/\/thermoware.com\/pt-br\/exemplo-pagina\/#breadcrumb","itemListElement":[{"@type":"ListItem","position":1,"name":"Home","item":"https:\/\/thermoware.com\/pt-br\/inicio\/"},{"@type":"ListItem","position":2,"name":"Exemplo p\u00e1gina"}]},{"@type":"WebSite","@id":"https:\/\/thermoware.com\/pt-br\/#website","url":"https:\/\/thermoware.com\/pt-br\/","name":"Thermoware","description":"","publisher":{"@id":"https:\/\/thermoware.com\/pt-br\/#organization"},"potentialAction":[{"@type":"SearchAction","target":{"@type":"EntryPoint","urlTemplate":"https:\/\/thermoware.com\/pt-br\/?s={search_term_string}"},"query-input":{"@type":"PropertyValueSpecification","valueRequired":true,"valueName":"search_term_string"}}],"inLanguage":"pt-BR"},{"@type":"Organization","@id":"https:\/\/thermoware.com\/pt-br\/#organization","name":"Thermoware","url":"https:\/\/thermoware.com\/pt-br\/","logo":{"@type":"ImageObject","inLanguage":"pt-BR","@id":"https:\/\/thermoware.com\/pt-br\/#\/schema\/logo\/image\/","url":"https:\/\/thermoware.com\/wp-content\/uploads\/2023\/07\/download-1-logo-wit.png","contentUrl":"https:\/\/thermoware.com\/wp-content\/uploads\/2023\/07\/download-1-logo-wit.png","width":483,"height":71,"caption":"Thermoware"},"image":{"@id":"https:\/\/thermoware.com\/pt-br\/#\/schema\/logo\/image\/"}}]}},"acf":[],"_links":{"self":[{"href":"https:\/\/thermoware.com\/pt-br\/wp-json\/wp\/v2\/pages\/2092","targetHints":{"allow":["GET"]}}],"collection":[{"href":"https:\/\/thermoware.com\/pt-br\/wp-json\/wp\/v2\/pages"}],"about":[{"href":"https:\/\/thermoware.com\/pt-br\/wp-json\/wp\/v2\/types\/page"}],"author":[{"embeddable":true,"href":"https:\/\/thermoware.com\/pt-br\/wp-json\/wp\/v2\/users\/1"}],"replies":[{"embeddable":true,"href":"https:\/\/thermoware.com\/pt-br\/wp-json\/wp\/v2\/comments?post=2092"}],"version-history":[{"count":1,"href":"https:\/\/thermoware.com\/pt-br\/wp-json\/wp\/v2\/pages\/2092\/revisions"}],"predecessor-version":[{"id":2093,"href":"https:\/\/thermoware.com\/pt-br\/wp-json\/wp\/v2\/pages\/2092\/revisions\/2093"}],"wp:attachment":[{"href":"https:\/\/thermoware.com\/pt-br\/wp-json\/wp\/v2\/media?parent=2092"}],"curies":[{"name":"wp","href":"https:\/\/api.w.org\/{rel}","templated":true}]}}